{"id":3354,"date":"2023-04-25T10:51:55","date_gmt":"2023-04-25T09:51:55","guid":{"rendered":"https:\/\/www.wessel-hydraulik.de\/?page_id=3354"},"modified":"2023-04-25T10:57:31","modified_gmt":"2023-04-25T09:57:31","slug":"prop-stromregelventil-fuer-einfach-und-doppelt-wirkende-verbraucher","status":"publish","type":"page","link":"https:\/\/wessel-hydraulik.de\/en\/products-in-application-2\/mobilhydraulik-1\/hydraulictools\/operate-tool\/prop-stromregelventil-fuer-einfach-und-doppelt-wirkende-verbraucher\/","title":{"rendered":"Prop. Stromregelventil f\u00fcr einfach- und doppelt wirkende Verbraucher"},"content":{"rendered":"","protected":false},"excerpt":{"rendered":"","protected":false},"author":1,"featured_media":0,"parent":3461,"menu_order":0,"comment_status":"closed","ping_status":"closed","template":"","meta":{"_acf_changed":false,"_monsterinsights_skip_tracking":false,"_monsterinsights_sitenote_active":false,"_monsterinsights_sitenote_note":"","_monsterinsights_sitenote_category":0,"_uf_show_specific_survey":0,"_uf_disable_surveys":false,"footnotes":""},"class_list":["post-3354","page","type-page","status-publish","hentry"],"acf":[],"yoast_head":"<!-- This site is optimized with the Yoast SEO plugin v25.4 - https:\/\/yoast.com\/wordpress\/plugins\/seo\/ -->\n<title>WESSEL-HYDRAULIK: Proportionales Stromregelventil f\u00fcr Anbauger\u00e4te<\/title>\n<meta name=\"description\" content=\"Mit dem Ventil k\u00f6nnen zwei Anbauger\u00e4te unabh\u00e4ngig voneinander betrieben werden, wie z.B. eine Schere, Mulcher oder auch Verdichter.\" \/>\n<meta name=\"robots\" content=\"index, follow, max-snippet:-1, max-image-preview:large, max-video-preview:-1\" \/>\n<link rel=\"canonical\" href=\"https:\/\/wessel-hydraulik.de\/en\/products-in-application-2\/mobilhydraulik-1\/hydraulictools\/operate-tool\/prop-stromregelventil-fuer-einfach-und-doppelt-wirkende-verbraucher\/\" \/>\n<meta property=\"og:locale\" content=\"en_US\" \/>\n<meta property=\"og:type\" content=\"article\" \/>\n<meta property=\"og:title\" content=\"WESSEL-HYDRAULIK: Proportionales Stromregelventil f\u00fcr Anbauger\u00e4te\" \/>\n<meta property=\"og:description\" content=\"Mit dem Ventil k\u00f6nnen zwei Anbauger\u00e4te unabh\u00e4ngig voneinander betrieben werden, wie z.B. eine Schere, Mulcher oder auch Verdichter.\" \/>\n<meta property=\"og:url\" content=\"https:\/\/wessel-hydraulik.de\/en\/products-in-application-2\/mobilhydraulik-1\/hydraulictools\/operate-tool\/prop-stromregelventil-fuer-einfach-und-doppelt-wirkende-verbraucher\/\" \/>\n<meta property=\"og:site_name\" content=\"WESSEL-HYDRAULIK GmbH\" \/>\n<meta property=\"article:modified_time\" content=\"2023-04-25T09:57:31+00:00\" \/>\n<meta name=\"twitter:card\" content=\"summary_large_image\" \/>\n<script type=\"application\/ld+json\" class=\"yoast-schema-graph\">{\"@context\":\"https:\/\/schema.org\",\"@graph\":[{\"@type\":\"WebPage\",\"@id\":\"https:\/\/wessel-hydraulik.de\/en\/products-in-application-2\/mobilhydraulik-1\/hydraulictools\/operate-tool\/prop-stromregelventil-fuer-einfach-und-doppelt-wirkende-verbraucher\/\",\"url\":\"https:\/\/wessel-hydraulik.de\/en\/products-in-application-2\/mobilhydraulik-1\/hydraulictools\/operate-tool\/prop-stromregelventil-fuer-einfach-und-doppelt-wirkende-verbraucher\/\",\"name\":\"WESSEL-HYDRAULIK: Proportionales Stromregelventil f\u00fcr Anbauger\u00e4te\",\"isPartOf\":{\"@id\":\"https:\/\/wessel-hydraulik.de\/#website\"},\"datePublished\":\"2023-04-25T09:51:55+00:00\",\"dateModified\":\"2023-04-25T09:57:31+00:00\",\"description\":\"Mit dem Ventil k\u00f6nnen zwei Anbauger\u00e4te unabh\u00e4ngig voneinander betrieben werden, wie z.B. eine Schere, Mulcher oder auch Verdichter.\",\"breadcrumb\":{\"@id\":\"https:\/\/wessel-hydraulik.de\/en\/products-in-application-2\/mobilhydraulik-1\/hydraulictools\/operate-tool\/prop-stromregelventil-fuer-einfach-und-doppelt-wirkende-verbraucher\/#breadcrumb\"},\"inLanguage\":\"en-US\",\"potentialAction\":[{\"@type\":\"ReadAction\",\"target\":[\"https:\/\/wessel-hydraulik.de\/en\/products-in-application-2\/mobilhydraulik-1\/hydraulictools\/operate-tool\/prop-stromregelventil-fuer-einfach-und-doppelt-wirkende-verbraucher\/\"]}]},{\"@type\":\"BreadcrumbList\",\"@id\":\"https:\/\/wessel-hydraulik.de\/en\/products-in-application-2\/mobilhydraulik-1\/hydraulictools\/operate-tool\/prop-stromregelventil-fuer-einfach-und-doppelt-wirkende-verbraucher\/#breadcrumb\",\"itemListElement\":[{\"@type\":\"ListItem\",\"position\":1,\"name\":\"Startseite\",\"item\":\"https:\/\/wessel-hydraulik.de\/en\/\"},{\"@type\":\"ListItem\",\"position\":2,\"name\":\"Products in application\",\"item\":\"https:\/\/wessel-hydraulik.de\/en\/products-in-application-2\/\"},{\"@type\":\"ListItem\",\"position\":3,\"name\":\"Mobile Hydraulics\",\"item\":\"https:\/\/wessel-hydraulik.de\/en\/products-in-application-2\/mobilhydraulik-1\/\"},{\"@type\":\"ListItem\",\"position\":4,\"name\":\"hydraulic tools\",\"item\":\"https:\/\/wessel-hydraulik.de\/en\/products-in-application-2\/mobilhydraulik-1\/hydraulictools\/\"},{\"@type\":\"ListItem\",\"position\":5,\"name\":\"operate tool\",\"item\":\"https:\/\/wessel-hydraulik.de\/en\/products-in-application-2\/mobilhydraulik-1\/hydraulictools\/operate-tool\/\"},{\"@type\":\"ListItem\",\"position\":6,\"name\":\"Prop. Stromregelventil f\u00fcr einfach- und doppelt wirkende Verbraucher\"}]},{\"@type\":\"WebSite\",\"@id\":\"https:\/\/wessel-hydraulik.de\/#website\",\"url\":\"https:\/\/wessel-hydraulik.de\/\",\"name\":\"WESSEL-HYDRAULIK GmbH\",\"description\":\"\",\"publisher\":{\"@id\":\"https:\/\/wessel-hydraulik.de\/#organization\"},\"potentialAction\":[{\"@type\":\"SearchAction\",\"target\":{\"@type\":\"EntryPoint\",\"urlTemplate\":\"https:\/\/wessel-hydraulik.de\/?s={search_term_string}\"},\"query-input\":{\"@type\":\"PropertyValueSpecification\",\"valueRequired\":true,\"valueName\":\"search_term_string\"}}],\"inLanguage\":\"en-US\"},{\"@type\":\"Organization\",\"@id\":\"https:\/\/wessel-hydraulik.de\/#organization\",\"name\":\"WESSEL-HYDRAULIK GmbH\",\"url\":\"https:\/\/wessel-hydraulik.de\/\",\"logo\":{\"@type\":\"ImageObject\",\"inLanguage\":\"en-US\",\"@id\":\"https:\/\/wessel-hydraulik.de\/#\/schema\/logo\/image\/\",\"url\":\"https:\/\/www.wessel-hydraulik.de\/wp-content\/uploads\/2018\/09\/wh_LOGO_RGB.jpg\",\"contentUrl\":\"https:\/\/www.wessel-hydraulik.de\/wp-content\/uploads\/2018\/09\/wh_LOGO_RGB.jpg\",\"width\":400,\"height\":200,\"caption\":\"WESSEL-HYDRAULIK GmbH\"},\"image\":{\"@id\":\"https:\/\/wessel-hydraulik.de\/#\/schema\/logo\/image\/\"},\"sameAs\":[\"https:\/\/www.youtube.com\/watch?v=C6TD8MulQAo\",\"https:\/\/www.instagram.com\/wessel_hydraulik\/\"]}]}<\/script>\n<!-- \/ Yoast SEO plugin. -->","yoast_head_json":{"title":"WESSEL-HYDRAULIK: Proportionales Stromregelventil f\u00fcr Anbauger\u00e4te","description":"Mit dem Ventil k\u00f6nnen zwei Anbauger\u00e4te unabh\u00e4ngig voneinander betrieben werden, wie z.B. eine Schere, Mulcher oder auch Verdichter.","robots":{"index":"index","follow":"follow","max-snippet":"max-snippet:-1","max-image-preview":"max-image-preview:large","max-video-preview":"max-video-preview:-1"},"canonical":"https:\/\/wessel-hydraulik.de\/en\/products-in-application-2\/mobilhydraulik-1\/hydraulictools\/operate-tool\/prop-stromregelventil-fuer-einfach-und-doppelt-wirkende-verbraucher\/","og_locale":"en_US","og_type":"article","og_title":"WESSEL-HYDRAULIK: Proportionales Stromregelventil f\u00fcr Anbauger\u00e4te","og_description":"Mit dem Ventil k\u00f6nnen zwei Anbauger\u00e4te unabh\u00e4ngig voneinander betrieben werden, wie z.B. eine Schere, Mulcher oder auch Verdichter.","og_url":"https:\/\/wessel-hydraulik.de\/en\/products-in-application-2\/mobilhydraulik-1\/hydraulictools\/operate-tool\/prop-stromregelventil-fuer-einfach-und-doppelt-wirkende-verbraucher\/","og_site_name":"WESSEL-HYDRAULIK GmbH","article_modified_time":"2023-04-25T09:57:31+00:00","twitter_card":"summary_large_image","schema":{"@context":"https:\/\/schema.org","@graph":[{"@type":"WebPage","@id":"https:\/\/wessel-hydraulik.de\/en\/products-in-application-2\/mobilhydraulik-1\/hydraulictools\/operate-tool\/prop-stromregelventil-fuer-einfach-und-doppelt-wirkende-verbraucher\/","url":"https:\/\/wessel-hydraulik.de\/en\/products-in-application-2\/mobilhydraulik-1\/hydraulictools\/operate-tool\/prop-stromregelventil-fuer-einfach-und-doppelt-wirkende-verbraucher\/","name":"WESSEL-HYDRAULIK: Proportionales Stromregelventil f\u00fcr Anbauger\u00e4te","isPartOf":{"@id":"https:\/\/wessel-hydraulik.de\/#website"},"datePublished":"2023-04-25T09:51:55+00:00","dateModified":"2023-04-25T09:57:31+00:00","description":"Mit dem Ventil k\u00f6nnen zwei Anbauger\u00e4te unabh\u00e4ngig voneinander betrieben werden, wie z.B. eine Schere, Mulcher oder auch Verdichter.","breadcrumb":{"@id":"https:\/\/wessel-hydraulik.de\/en\/products-in-application-2\/mobilhydraulik-1\/hydraulictools\/operate-tool\/prop-stromregelventil-fuer-einfach-und-doppelt-wirkende-verbraucher\/#breadcrumb"},"inLanguage":"en-US","potentialAction":[{"@type":"ReadAction","target":["https:\/\/wessel-hydraulik.de\/en\/products-in-application-2\/mobilhydraulik-1\/hydraulictools\/operate-tool\/prop-stromregelventil-fuer-einfach-und-doppelt-wirkende-verbraucher\/"]}]},{"@type":"BreadcrumbList","@id":"https:\/\/wessel-hydraulik.de\/en\/products-in-application-2\/mobilhydraulik-1\/hydraulictools\/operate-tool\/prop-stromregelventil-fuer-einfach-und-doppelt-wirkende-verbraucher\/#breadcrumb","itemListElement":[{"@type":"ListItem","position":1,"name":"Startseite","item":"https:\/\/wessel-hydraulik.de\/en\/"},{"@type":"ListItem","position":2,"name":"Products in application","item":"https:\/\/wessel-hydraulik.de\/en\/products-in-application-2\/"},{"@type":"ListItem","position":3,"name":"Mobile Hydraulics","item":"https:\/\/wessel-hydraulik.de\/en\/products-in-application-2\/mobilhydraulik-1\/"},{"@type":"ListItem","position":4,"name":"hydraulic tools","item":"https:\/\/wessel-hydraulik.de\/en\/products-in-application-2\/mobilhydraulik-1\/hydraulictools\/"},{"@type":"ListItem","position":5,"name":"operate tool","item":"https:\/\/wessel-hydraulik.de\/en\/products-in-application-2\/mobilhydraulik-1\/hydraulictools\/operate-tool\/"},{"@type":"ListItem","position":6,"name":"Prop. Stromregelventil f\u00fcr einfach- und doppelt wirkende Verbraucher"}]},{"@type":"WebSite","@id":"https:\/\/wessel-hydraulik.de\/#website","url":"https:\/\/wessel-hydraulik.de\/","name":"WESSEL-HYDRAULIK GmbH","description":"","publisher":{"@id":"https:\/\/wessel-hydraulik.de\/#organization"},"potentialAction":[{"@type":"SearchAction","target":{"@type":"EntryPoint","urlTemplate":"https:\/\/wessel-hydraulik.de\/?s={search_term_string}"},"query-input":{"@type":"PropertyValueSpecification","valueRequired":true,"valueName":"search_term_string"}}],"inLanguage":"en-US"},{"@type":"Organization","@id":"https:\/\/wessel-hydraulik.de\/#organization","name":"WESSEL-HYDRAULIK GmbH","url":"https:\/\/wessel-hydraulik.de\/","logo":{"@type":"ImageObject","inLanguage":"en-US","@id":"https:\/\/wessel-hydraulik.de\/#\/schema\/logo\/image\/","url":"https:\/\/www.wessel-hydraulik.de\/wp-content\/uploads\/2018\/09\/wh_LOGO_RGB.jpg","contentUrl":"https:\/\/www.wessel-hydraulik.de\/wp-content\/uploads\/2018\/09\/wh_LOGO_RGB.jpg","width":400,"height":200,"caption":"WESSEL-HYDRAULIK GmbH"},"image":{"@id":"https:\/\/wessel-hydraulik.de\/#\/schema\/logo\/image\/"},"sameAs":["https:\/\/www.youtube.com\/watch?v=C6TD8MulQAo","https:\/\/www.instagram.com\/wessel_hydraulik\/"]}]}},"_links":{"self":[{"href":"https:\/\/wessel-hydraulik.de\/en\/wp-json\/wp\/v2\/pages\/3354","targetHints":{"allow":["GET"]}}],"collection":[{"href":"https:\/\/wessel-hydraulik.de\/en\/wp-json\/wp\/v2\/pages"}],"about":[{"href":"https:\/\/wessel-hydraulik.de\/en\/wp-json\/wp\/v2\/types\/page"}],"author":[{"embeddable":true,"href":"https:\/\/wessel-hydraulik.de\/en\/wp-json\/wp\/v2\/users\/1"}],"replies":[{"embeddable":true,"href":"https:\/\/wessel-hydraulik.de\/en\/wp-json\/wp\/v2\/comments?post=3354"}],"version-history":[{"count":3,"href":"https:\/\/wessel-hydraulik.de\/en\/wp-json\/wp\/v2\/pages\/3354\/revisions"}],"predecessor-version":[{"id":6603,"href":"https:\/\/wessel-hydraulik.de\/en\/wp-json\/wp\/v2\/pages\/3354\/revisions\/6603"}],"up":[{"embeddable":true,"href":"https:\/\/wessel-hydraulik.de\/en\/wp-json\/wp\/v2\/pages\/3461"}],"wp:attachment":[{"href":"https:\/\/wessel-hydraulik.de\/en\/wp-json\/wp\/v2\/media?parent=3354"}],"curies":[{"name":"wp","href":"https:\/\/api.w.org\/{rel}","templated":true}]}}