{"id":6962,"date":"2023-07-07T09:57:47","date_gmt":"2023-07-07T08:57:47","guid":{"rendered":"https:\/\/www.wessel-hydraulik.de\/?page_id=6962"},"modified":"2023-07-07T10:00:51","modified_gmt":"2023-07-07T09:00:51","slug":"6-2-wegeventile","status":"publish","type":"page","link":"https:\/\/wessel-hydraulik.de\/en\/produkte\/wege-schieber-ventile\/rohrleitungseinbauventile\/6-2-wegeventile\/","title":{"rendered":"6\/2 Directional Control Valve"},"content":{"rendered":"<h1>6\/2 Wegeventile<\/h1>\n<p>no-repeat;center top;;<br \/>\nauto<br \/>\n0px<\/p>\n<p>In diesem Artikel geht es speziell um WESSEL &#8211; 6\/2 Wegeventile. Im Allgemeinen haben Wegeventile die Aufgabe verschiedene hydraulische Leitungen zu verbinden, gegeneinander abzusperren oder wechselnde Leitungsverkn\u00fcpfungen herzustellen. Die Wirkungsrichtung ist vom Druck und Volumenstrom beeinflusst und steuert damit Verbraucher (Motor\/Zylinder) hinsichtlich Start, Stopp oder der Bewegungsrichtung. In diesem Artikel geht es speziell um 6\/2 Wegeventile.<br \/>\nhide<\/p>\n<h3>6\/2 Wegeventile &#8211; Zur Erweiterung einer doppelt wirkenden Hydraulikfunktion<\/h3>\n<p>hide<\/p>\n<h3>Produktbeschreibung 6\/2 Wegeventil<\/h3>\n<p>Mit einem 6\/2 oder 6\/3 Wegeventil l\u00e4sst sich der Volumenstrom hinter einer Hauptsektion auf wahlweise 2 Verbraucher verteilen.Die Wegeventile sind in zwei Versionen verf\u00fcgbar:Wegeventil 6\/3 mit einer MittelstellungWegeventil 6\/2 ohne MittelstellungOhne Mittelstellung wird im ungeschalteten Zustand des Wegeventils der Hauptverbraucher angesteuert. Im geschalteten Zustand wird der neue Zusatzverbraucher betrieben. Die Umschaltung erfolgt hydraulisch oder elektrisch. In der elektrischen Ausf\u00fchrung wird der f\u00fcr den Schaltvorgang notwendige Steuerdruck aus der hochdruckf\u00fchrenden Zuleitung entnommen, so dass kein zus\u00e4tzlicher Vorsteuerdruck bereitgestellt werden muss.Die Ventile sind nicht leck\u00f6lfrei. Druckabsicherungen f\u00fcr den Zusatzverbraucher m\u00fcssen extern installiert werden.In der Version 6\/3 wird unbet\u00e4tigt die Mittelstellung eingenommen. In dieser Stellung sind alle Ein- und Ausg\u00e4nge gegeneinander gesperrt.<br \/>\nhide<\/p>\n<p><img decoding=\"async\" src=\"https:\/\/www.wessel-hydraulik.de\/wp-content\/uploads\/2018\/03\/Schaltschemenai_neu.jpg\" alt=\"6\/2 Wegeventil\" \/><br \/>\nfull<br \/>\ncontain<br \/>\ncenter center<br \/>\nhide<\/p>\n<p><img decoding=\"async\" src=\"https:\/\/www.wessel-hydraulik.de\/wp-content\/uploads\/excavator-1680635_1280.jpg\" alt=\"6\/2 Wegventil\" \/><br \/>\nfull<br \/>\ncontain<br \/>\ncenter center<br \/>\nhide<\/p>\n<p><img decoding=\"async\" src=\"https:\/\/www.wessel-hydraulik.de\/wp-content\/uploads\/2018\/05\/D62-2S-M-L-233.342.500.9-133.902.501.9_20x12_kleiner-1.jpg\" alt=\"6\/2 Wegeventil\" \/><br \/>\nfull<br \/>\ncontain<br \/>\ncenter center<br \/>\nhide<\/p>\n<p>Mehr Informationen<br \/>\n<a href=\"https:\/\/www.wessel-hydraulik.de\/produkte\/wege-schieber-ventile\/rohrleitungseinbauventile\/d62\/\">https:\/\/www.wessel-hydraulik.de\/produkte\/wege-schieber-ventile\/rohrleitungseinbauventile\/d62\/<\/a><br \/>\nleft<br \/>\n2<br \/>\n#ffffff<br \/>\n#0068ad<br \/>\nhide<\/p>\n<p>Das Ventil ist auch mit einer Stellungs\u00fcberwachung verf\u00fcgbar, mit dem die Schaltstellung des \u00fcberwacht wird und in einer Sicherheitssteuerung verarbeitet werden kann.<br \/>\nhide<\/p>\n<p><img decoding=\"async\" src=\"https:\/\/www.wessel-hydraulik.de\/wp-content\/uploads\/Schaltschemenai_neu-zwischenplatte.jpg\" alt=\"6\/2 Wegeventile\" \/><br \/>\nfull<br \/>\ncontain<br \/>\ncenter center<br \/>\nhide<\/p>\n<p>Mehr Informationen<br \/>\nleft<br \/>\n2<br \/>\n#ffffff<br \/>\n#0068ad<br \/>\nhide<\/p>\n<p><img decoding=\"async\" src=\"https:\/\/www.wessel-hydraulik.de\/wp-content\/uploads\/237.362.507.9-Stellungsueberwachung_20x12.jpg\" alt=\"6-2 Wegeventil mit Stellungs\u00fcberwachung\" \/><br \/>\nfull<br \/>\ncontain<br \/>\ncenter center<br \/>\nhide<\/p>\n<p><i class=\"\" style=\"\" aria-hidden=\"true\"><\/i><a href=\"#top\">Seitenanfang<br \/>\nno-repeat;center top;;<br \/>\nauto<\/a><\/p>\n<p>&nbsp;<\/p>\n","protected":false},"excerpt":{"rendered":"<p>6\/2 Wegeventile no-repeat;center top;; auto 0px In diesem Artikel geht es speziell um WESSEL &#8211; 6\/2 Wegeventile. Im Allgemeinen haben Wegeventile die Aufgabe verschiedene hydraulische Leitungen<span class=\"excerpt-hellip\"> [\u2026]<\/span><\/p>\n","protected":false},"author":1,"featured_media":0,"parent":1590,"menu_order":3,"comment_status":"closed","ping_status":"closed","template":"","meta":{"_acf_changed":false,"_monsterinsights_skip_tracking":false,"_monsterinsights_sitenote_active":false,"_monsterinsights_sitenote_note":"","_monsterinsights_sitenote_category":0,"_uf_show_specific_survey":0,"_uf_disable_surveys":false,"footnotes":""},"class_list":["post-6962","page","type-page","status-publish","hentry"],"acf":[],"yoast_head":"<!-- This site is optimized with the Yoast SEO plugin v25.4 - https:\/\/yoast.com\/wordpress\/plugins\/seo\/ -->\n<title>6\/2 Wegeventile WESSEL-HYDRAULIK<\/title>\n<meta name=\"description\" content=\"6\/2 Wegeventile sind daf\u00fcr geeignet den Volumenstrom hinter einer Hauptsektion auf wahlweise 2 Verbraucher verteilen.\" \/>\n<meta name=\"robots\" content=\"index, follow, max-snippet:-1, max-image-preview:large, max-video-preview:-1\" \/>\n<link rel=\"canonical\" href=\"https:\/\/wessel-hydraulik.de\/en\/produkte\/wege-schieber-ventile\/rohrleitungseinbauventile\/6-2-wegeventile\/\" \/>\n<meta property=\"og:locale\" content=\"en_US\" \/>\n<meta property=\"og:type\" content=\"article\" \/>\n<meta property=\"og:title\" content=\"6\/2 Wegeventile WESSEL-HYDRAULIK\" \/>\n<meta property=\"og:description\" content=\"6\/2 Wegeventile sind daf\u00fcr geeignet den Volumenstrom hinter einer Hauptsektion auf wahlweise 2 Verbraucher verteilen.\" \/>\n<meta property=\"og:url\" content=\"https:\/\/wessel-hydraulik.de\/en\/produkte\/wege-schieber-ventile\/rohrleitungseinbauventile\/6-2-wegeventile\/\" \/>\n<meta property=\"og:site_name\" content=\"WESSEL-HYDRAULIK GmbH\" \/>\n<meta property=\"article:modified_time\" content=\"2023-07-07T09:00:51+00:00\" \/>\n<meta property=\"og:image\" content=\"https:\/\/www.wessel-hydraulik.de\/wp-content\/uploads\/2018\/03\/Schaltschemenai_neu.jpg\" \/>\n<meta name=\"twitter:card\" content=\"summary_large_image\" \/>\n<meta name=\"twitter:label1\" content=\"Est. reading time\" \/>\n\t<meta name=\"twitter:data1\" content=\"3 minutes\" \/>\n<script type=\"application\/ld+json\" class=\"yoast-schema-graph\">{\"@context\":\"https:\/\/schema.org\",\"@graph\":[{\"@type\":\"WebPage\",\"@id\":\"https:\/\/wessel-hydraulik.de\/en\/produkte\/wege-schieber-ventile\/rohrleitungseinbauventile\/6-2-wegeventile\/\",\"url\":\"https:\/\/wessel-hydraulik.de\/en\/produkte\/wege-schieber-ventile\/rohrleitungseinbauventile\/6-2-wegeventile\/\",\"name\":\"6\/2 Wegeventile WESSEL-HYDRAULIK\",\"isPartOf\":{\"@id\":\"https:\/\/wessel-hydraulik.de\/#website\"},\"primaryImageOfPage\":{\"@id\":\"https:\/\/wessel-hydraulik.de\/en\/produkte\/wege-schieber-ventile\/rohrleitungseinbauventile\/6-2-wegeventile\/#primaryimage\"},\"image\":{\"@id\":\"https:\/\/wessel-hydraulik.de\/en\/produkte\/wege-schieber-ventile\/rohrleitungseinbauventile\/6-2-wegeventile\/#primaryimage\"},\"thumbnailUrl\":\"https:\/\/www.wessel-hydraulik.de\/wp-content\/uploads\/2018\/03\/Schaltschemenai_neu.jpg\",\"datePublished\":\"2023-07-07T08:57:47+00:00\",\"dateModified\":\"2023-07-07T09:00:51+00:00\",\"description\":\"6\/2 Wegeventile sind daf\u00fcr geeignet den Volumenstrom hinter einer Hauptsektion auf wahlweise 2 Verbraucher verteilen.\",\"breadcrumb\":{\"@id\":\"https:\/\/wessel-hydraulik.de\/en\/produkte\/wege-schieber-ventile\/rohrleitungseinbauventile\/6-2-wegeventile\/#breadcrumb\"},\"inLanguage\":\"en-US\",\"potentialAction\":[{\"@type\":\"ReadAction\",\"target\":[\"https:\/\/wessel-hydraulik.de\/en\/produkte\/wege-schieber-ventile\/rohrleitungseinbauventile\/6-2-wegeventile\/\"]}]},{\"@type\":\"ImageObject\",\"inLanguage\":\"en-US\",\"@id\":\"https:\/\/wessel-hydraulik.de\/en\/produkte\/wege-schieber-ventile\/rohrleitungseinbauventile\/6-2-wegeventile\/#primaryimage\",\"url\":\"https:\/\/www.wessel-hydraulik.de\/wp-content\/uploads\/2018\/03\/Schaltschemenai_neu.jpg\",\"contentUrl\":\"https:\/\/www.wessel-hydraulik.de\/wp-content\/uploads\/2018\/03\/Schaltschemenai_neu.jpg\"},{\"@type\":\"BreadcrumbList\",\"@id\":\"https:\/\/wessel-hydraulik.de\/en\/produkte\/wege-schieber-ventile\/rohrleitungseinbauventile\/6-2-wegeventile\/#breadcrumb\",\"itemListElement\":[{\"@type\":\"ListItem\",\"position\":1,\"name\":\"Startseite\",\"item\":\"https:\/\/wessel-hydraulik.de\/en\/\"},{\"@type\":\"ListItem\",\"position\":2,\"name\":\"Produkte\",\"item\":\"https:\/\/wessel-hydraulik.de\/produkte\/\"},{\"@type\":\"ListItem\",\"position\":3,\"name\":\"Wege-Schieber-Ventile\",\"item\":\"https:\/\/wessel-hydraulik.de\/produkte\/wege-schieber-ventile\/\"},{\"@type\":\"ListItem\",\"position\":4,\"name\":\"Rohrleitungseinbauventile\",\"item\":\"https:\/\/wessel-hydraulik.de\/produkte\/wege-schieber-ventile\/rohrleitungseinbauventile\/\"},{\"@type\":\"ListItem\",\"position\":5,\"name\":\"6\/2 Directional Control Valve\"}]},{\"@type\":\"WebSite\",\"@id\":\"https:\/\/wessel-hydraulik.de\/#website\",\"url\":\"https:\/\/wessel-hydraulik.de\/\",\"name\":\"WESSEL-HYDRAULIK GmbH\",\"description\":\"\",\"publisher\":{\"@id\":\"https:\/\/wessel-hydraulik.de\/#organization\"},\"potentialAction\":[{\"@type\":\"SearchAction\",\"target\":{\"@type\":\"EntryPoint\",\"urlTemplate\":\"https:\/\/wessel-hydraulik.de\/?s={search_term_string}\"},\"query-input\":{\"@type\":\"PropertyValueSpecification\",\"valueRequired\":true,\"valueName\":\"search_term_string\"}}],\"inLanguage\":\"en-US\"},{\"@type\":\"Organization\",\"@id\":\"https:\/\/wessel-hydraulik.de\/#organization\",\"name\":\"WESSEL-HYDRAULIK GmbH\",\"url\":\"https:\/\/wessel-hydraulik.de\/\",\"logo\":{\"@type\":\"ImageObject\",\"inLanguage\":\"en-US\",\"@id\":\"https:\/\/wessel-hydraulik.de\/#\/schema\/logo\/image\/\",\"url\":\"https:\/\/www.wessel-hydraulik.de\/wp-content\/uploads\/2018\/09\/wh_LOGO_RGB.jpg\",\"contentUrl\":\"https:\/\/www.wessel-hydraulik.de\/wp-content\/uploads\/2018\/09\/wh_LOGO_RGB.jpg\",\"width\":400,\"height\":200,\"caption\":\"WESSEL-HYDRAULIK GmbH\"},\"image\":{\"@id\":\"https:\/\/wessel-hydraulik.de\/#\/schema\/logo\/image\/\"},\"sameAs\":[\"https:\/\/www.youtube.com\/watch?v=C6TD8MulQAo\",\"https:\/\/www.instagram.com\/wessel_hydraulik\/\"]}]}<\/script>\n<!-- \/ Yoast SEO plugin. -->","yoast_head_json":{"title":"6\/2 Wegeventile WESSEL-HYDRAULIK","description":"6\/2 Wegeventile sind daf\u00fcr geeignet den Volumenstrom hinter einer Hauptsektion auf wahlweise 2 Verbraucher verteilen.","robots":{"index":"index","follow":"follow","max-snippet":"max-snippet:-1","max-image-preview":"max-image-preview:large","max-video-preview":"max-video-preview:-1"},"canonical":"https:\/\/wessel-hydraulik.de\/en\/produkte\/wege-schieber-ventile\/rohrleitungseinbauventile\/6-2-wegeventile\/","og_locale":"en_US","og_type":"article","og_title":"6\/2 Wegeventile WESSEL-HYDRAULIK","og_description":"6\/2 Wegeventile sind daf\u00fcr geeignet den Volumenstrom hinter einer Hauptsektion auf wahlweise 2 Verbraucher verteilen.","og_url":"https:\/\/wessel-hydraulik.de\/en\/produkte\/wege-schieber-ventile\/rohrleitungseinbauventile\/6-2-wegeventile\/","og_site_name":"WESSEL-HYDRAULIK GmbH","article_modified_time":"2023-07-07T09:00:51+00:00","og_image":[{"url":"https:\/\/www.wessel-hydraulik.de\/wp-content\/uploads\/2018\/03\/Schaltschemenai_neu.jpg","type":"","width":"","height":""}],"twitter_card":"summary_large_image","twitter_misc":{"Est. reading time":"3 minutes"},"schema":{"@context":"https:\/\/schema.org","@graph":[{"@type":"WebPage","@id":"https:\/\/wessel-hydraulik.de\/en\/produkte\/wege-schieber-ventile\/rohrleitungseinbauventile\/6-2-wegeventile\/","url":"https:\/\/wessel-hydraulik.de\/en\/produkte\/wege-schieber-ventile\/rohrleitungseinbauventile\/6-2-wegeventile\/","name":"6\/2 Wegeventile WESSEL-HYDRAULIK","isPartOf":{"@id":"https:\/\/wessel-hydraulik.de\/#website"},"primaryImageOfPage":{"@id":"https:\/\/wessel-hydraulik.de\/en\/produkte\/wege-schieber-ventile\/rohrleitungseinbauventile\/6-2-wegeventile\/#primaryimage"},"image":{"@id":"https:\/\/wessel-hydraulik.de\/en\/produkte\/wege-schieber-ventile\/rohrleitungseinbauventile\/6-2-wegeventile\/#primaryimage"},"thumbnailUrl":"https:\/\/www.wessel-hydraulik.de\/wp-content\/uploads\/2018\/03\/Schaltschemenai_neu.jpg","datePublished":"2023-07-07T08:57:47+00:00","dateModified":"2023-07-07T09:00:51+00:00","description":"6\/2 Wegeventile sind daf\u00fcr geeignet den Volumenstrom hinter einer Hauptsektion auf wahlweise 2 Verbraucher verteilen.","breadcrumb":{"@id":"https:\/\/wessel-hydraulik.de\/en\/produkte\/wege-schieber-ventile\/rohrleitungseinbauventile\/6-2-wegeventile\/#breadcrumb"},"inLanguage":"en-US","potentialAction":[{"@type":"ReadAction","target":["https:\/\/wessel-hydraulik.de\/en\/produkte\/wege-schieber-ventile\/rohrleitungseinbauventile\/6-2-wegeventile\/"]}]},{"@type":"ImageObject","inLanguage":"en-US","@id":"https:\/\/wessel-hydraulik.de\/en\/produkte\/wege-schieber-ventile\/rohrleitungseinbauventile\/6-2-wegeventile\/#primaryimage","url":"https:\/\/www.wessel-hydraulik.de\/wp-content\/uploads\/2018\/03\/Schaltschemenai_neu.jpg","contentUrl":"https:\/\/www.wessel-hydraulik.de\/wp-content\/uploads\/2018\/03\/Schaltschemenai_neu.jpg"},{"@type":"BreadcrumbList","@id":"https:\/\/wessel-hydraulik.de\/en\/produkte\/wege-schieber-ventile\/rohrleitungseinbauventile\/6-2-wegeventile\/#breadcrumb","itemListElement":[{"@type":"ListItem","position":1,"name":"Startseite","item":"https:\/\/wessel-hydraulik.de\/en\/"},{"@type":"ListItem","position":2,"name":"Produkte","item":"https:\/\/wessel-hydraulik.de\/produkte\/"},{"@type":"ListItem","position":3,"name":"Wege-Schieber-Ventile","item":"https:\/\/wessel-hydraulik.de\/produkte\/wege-schieber-ventile\/"},{"@type":"ListItem","position":4,"name":"Rohrleitungseinbauventile","item":"https:\/\/wessel-hydraulik.de\/produkte\/wege-schieber-ventile\/rohrleitungseinbauventile\/"},{"@type":"ListItem","position":5,"name":"6\/2 Directional Control Valve"}]},{"@type":"WebSite","@id":"https:\/\/wessel-hydraulik.de\/#website","url":"https:\/\/wessel-hydraulik.de\/","name":"WESSEL-HYDRAULIK GmbH","description":"","publisher":{"@id":"https:\/\/wessel-hydraulik.de\/#organization"},"potentialAction":[{"@type":"SearchAction","target":{"@type":"EntryPoint","urlTemplate":"https:\/\/wessel-hydraulik.de\/?s={search_term_string}"},"query-input":{"@type":"PropertyValueSpecification","valueRequired":true,"valueName":"search_term_string"}}],"inLanguage":"en-US"},{"@type":"Organization","@id":"https:\/\/wessel-hydraulik.de\/#organization","name":"WESSEL-HYDRAULIK GmbH","url":"https:\/\/wessel-hydraulik.de\/","logo":{"@type":"ImageObject","inLanguage":"en-US","@id":"https:\/\/wessel-hydraulik.de\/#\/schema\/logo\/image\/","url":"https:\/\/www.wessel-hydraulik.de\/wp-content\/uploads\/2018\/09\/wh_LOGO_RGB.jpg","contentUrl":"https:\/\/www.wessel-hydraulik.de\/wp-content\/uploads\/2018\/09\/wh_LOGO_RGB.jpg","width":400,"height":200,"caption":"WESSEL-HYDRAULIK GmbH"},"image":{"@id":"https:\/\/wessel-hydraulik.de\/#\/schema\/logo\/image\/"},"sameAs":["https:\/\/www.youtube.com\/watch?v=C6TD8MulQAo","https:\/\/www.instagram.com\/wessel_hydraulik\/"]}]}},"_links":{"self":[{"href":"https:\/\/wessel-hydraulik.de\/en\/wp-json\/wp\/v2\/pages\/6962","targetHints":{"allow":["GET"]}}],"collection":[{"href":"https:\/\/wessel-hydraulik.de\/en\/wp-json\/wp\/v2\/pages"}],"about":[{"href":"https:\/\/wessel-hydraulik.de\/en\/wp-json\/wp\/v2\/types\/page"}],"author":[{"embeddable":true,"href":"https:\/\/wessel-hydraulik.de\/en\/wp-json\/wp\/v2\/users\/1"}],"replies":[{"embeddable":true,"href":"https:\/\/wessel-hydraulik.de\/en\/wp-json\/wp\/v2\/comments?post=6962"}],"version-history":[{"count":3,"href":"https:\/\/wessel-hydraulik.de\/en\/wp-json\/wp\/v2\/pages\/6962\/revisions"}],"predecessor-version":[{"id":7318,"href":"https:\/\/wessel-hydraulik.de\/en\/wp-json\/wp\/v2\/pages\/6962\/revisions\/7318"}],"up":[{"embeddable":true,"href":"https:\/\/wessel-hydraulik.de\/en\/wp-json\/wp\/v2\/pages\/1590"}],"wp:attachment":[{"href":"https:\/\/wessel-hydraulik.de\/en\/wp-json\/wp\/v2\/media?parent=6962"}],"curies":[{"name":"wp","href":"https:\/\/api.w.org\/{rel}","templated":true}]}}