{"id":7333,"date":"2023-07-11T06:48:19","date_gmt":"2023-07-11T05:48:19","guid":{"rendered":"https:\/\/www.wessel-hydraulik.de\/?page_id=7333"},"modified":"2024-04-23T13:08:45","modified_gmt":"2024-04-23T12:08:45","slug":"fc2-cc","status":"publish","type":"page","link":"https:\/\/wessel-hydraulik.de\/en\/produkte\/stromventile\/stromregelventile-2\/fc2-cc\/","title":{"rendered":"Cabin Control"},"content":{"rendered":"<p>REG-2D<\/p>\n<h1>WESSEL Stromregelventil FC2-2 Top<\/h1>\n<p>&nbsp;<\/p>\n<h1>Volumenstrom und Druck begrenzen<\/h1>\n<p>&nbsp;<\/p>\n<h3>Produktbeschreibung<\/h3>\n<p>Das Stromregelventil ist ideal mit der Wessel Tool Control+ kombinierbar und erm\u00f6glicht ein proportionales Einstellen von Volumenstrom und Druck f\u00fcr doppeltwirkende Zusatzverbraucher (Fr\u00e4sen, Mulcher, Alligatorl\u00f6ffel, etc). Das Werkzeug kann dann weiterhin \u00fcber den Joystick in der Kabine bet\u00e4tigt werden, ist aber vor einer \u00dcberlastung zuverl\u00e4ssig gesch\u00fctzt. Der Volumenstrom kann elektrisch proportional bis auf max. 400 l\/min begrenzt werden.<\/p>\n<p>Im Zuflu\u00df ist mit einer elektrisch-proportional einstellbaren Me\u00dfblende ein 3-Wegestromregler aufgebaut. Die Versorgung des Proportionalventiles erfolgt \u00fcber den Zulaufvolumenstrom. Ein vorgeschaltetes hochdruck-festes Druckminderventil garantiert die Verwendbarkeit bis 400 bar Arbeitsdruck. Die Druckwaage ist im Bypass angeordnet und regelt den \u00fcbersch\u00fcssigen Volumenstrom zur R\u00fccklaufseite. Der vom Werkzeug kommende Volumenstrom wird mit geringen Druckverlusten \u00fcber R\u00fcckschlagventile an der Me\u00dfblende vorbei zur\u00fcck zum Hauptsteuerblock gef\u00fchrt. Der maximale Betriebsdruck wird \u00fcber ein Pilotventil proportional eingestellt. Bei \u00dcberschreitung des Drucks wird die Druckwaage zur Gegenseite ge\u00f6ffnet.<\/p>\n<p>no-repeat;center top;;<br \/>\nauto<br \/>\n0px<\/p>\n<p><img decoding=\"async\" src=\"https:\/\/www.wessel-hydraulik.de\/wp-content\/uploads\/Top-valve-437.363.600.9-1.png\" alt=\"\" \/><br \/>\nright<\/p>\n<h3>Merkmale<\/h3>\n<p>Volumenstrom bis 400 l\/min<\/p>\n<p>f\u00fcr doppelt wirkende Verbraucher geeignet<\/p>\n<p>integrierte Druckabsicherung<\/p>\n<p>maximaler Betriebsdruck 420 bar<\/p>\n<p>no-repeat;center top;;<br \/>\nauto<\/p>\n<h3>Technische Daten<\/h3>\n<p>\n<table id=\"tablepress-99\" class=\"tablepress tablepress-id-99\">\n<thead>\n<tr class=\"row-1\">\n\t<th class=\"column-1\">Bauform<\/th><th class=\"column-2\">Anschlussgr\u00f6\u00dfe<\/th><th class=\"column-3\">Maximaler Betriebsdruck<\/th><th class=\"column-4\">max. Volumenstrom<\/th>\n<\/tr>\n<\/thead>\n<tbody class=\"row-striping row-hover\">\n<tr class=\"row-2\">\n\t<td class=\"column-1\">FC2-Top<\/td><td class=\"column-2\">SAE 1\"<\/td><td class=\"column-3\">420 bar<\/td><td class=\"column-4\">400 l\/min<\/td>\n<\/tr>\n<\/tbody>\n<\/table>\n<!-- #tablepress-99 from cache --><br \/>\nno-repeat;center top;;<br \/>\nauto<\/p>\n<p>Schaltschema<\/p>\n<h3>Schaltschema<\/h3>\n<p>center<br \/>\nno-repeat;center top;;<br \/>\nauto<\/p>\n<p><img decoding=\"async\" src=\"https:\/\/www.wessel-hydraulik.de\/wp-content\/uploads\/2013-07-15-Schaltschema_E.png\" alt=\"2013 07 15 Schaltschema E\" \/><br \/>\n<a href=\"https:\/\/www.wessel-hydraulik.de\/wp-content\/uploads\/2018\/08\/1.3-Schaltschema-REG-2D.jpg\">https:\/\/www.wessel-hydraulik.de\/wp-content\/uploads\/2018\/08\/1.3-Schaltschema-REG-2D.jpg<\/a><\/p>\n<p>Downloads<\/p>\n<h3>Downloads<\/h3>\n<p>center<br \/>\nno-repeat;center top;;<br \/>\nauto<\/p>\n<p><img decoding=\"async\" src=\"https:\/\/www.wessel-hydraulik.de\/wp-content\/uploads\/2017\/12\/PDF.png\" alt=\"PDF\" \/><br \/>\ncenter<br \/>\n<a href=\"https:\/\/www.wessel-hydraulik.de\/wp-content\/uploads\/Flyer-TOP-Ventil_D.pdf\">https:\/\/www.wessel-hydraulik.de\/wp-content\/uploads\/Flyer-TOP-Ventil_D.pdf<\/a><br \/>\ndisable<br \/>\nDatenblatt FC2-2Top<\/p>\n<p><i class=\"\" style=\"\" aria-hidden=\"true\"><\/i><a href=\"#top\">Seitenanfang<br \/>\nno-repeat;center top;;<br \/>\nauto<\/a><\/p>\n<p>&nbsp;<\/p>\n","protected":false},"excerpt":{"rendered":"<p>REG-2D WESSEL Stromregelventil FC2-2 Top &nbsp; Volumenstrom und Druck begrenzen &nbsp; Produktbeschreibung Das Stromregelventil ist ideal mit der Wessel Tool Control+ kombinierbar und erm\u00f6glicht ein proportionales<span class=\"excerpt-hellip\"> [\u2026]<\/span><\/p>\n","protected":false},"author":3,"featured_media":0,"parent":1496,"menu_order":0,"comment_status":"closed","ping_status":"closed","template":"","meta":{"_acf_changed":false,"_monsterinsights_skip_tracking":false,"_monsterinsights_sitenote_active":false,"_monsterinsights_sitenote_note":"","_monsterinsights_sitenote_category":0,"_uf_show_specific_survey":0,"_uf_disable_surveys":false,"footnotes":""},"class_list":["post-7333","page","type-page","status-publish","hentry"],"acf":[],"yoast_head":"<!-- This site is optimized with the Yoast SEO plugin v25.4 - https:\/\/yoast.com\/wordpress\/plugins\/seo\/ -->\n<title>Einstellen von Volumenstrom und Druck: WESSEL-HYDRAULIK<\/title>\n<meta name=\"description\" content=\"Das Stromregelventil erm\u00f6glicht ein proportionales Einstellen von Volumenstrom und Druck f\u00fcr doppeltwirkende Zusatzverbraucher (Fr\u00e4sen, Mulcher, Alligatorl\u00f6ffel, etc).\" \/>\n<meta name=\"robots\" content=\"index, follow, max-snippet:-1, max-image-preview:large, max-video-preview:-1\" \/>\n<link rel=\"canonical\" href=\"https:\/\/wessel-hydraulik.de\/en\/produkte\/stromventile\/stromregelventile-2\/fc2-cc\/\" \/>\n<meta property=\"og:locale\" content=\"en_US\" \/>\n<meta property=\"og:type\" content=\"article\" \/>\n<meta property=\"og:title\" content=\"Einstellen von Volumenstrom und Druck: WESSEL-HYDRAULIK\" \/>\n<meta property=\"og:description\" content=\"Das Stromregelventil erm\u00f6glicht ein proportionales Einstellen von Volumenstrom und Druck f\u00fcr doppeltwirkende Zusatzverbraucher (Fr\u00e4sen, Mulcher, Alligatorl\u00f6ffel, etc).\" \/>\n<meta property=\"og:url\" content=\"https:\/\/wessel-hydraulik.de\/en\/produkte\/stromventile\/stromregelventile-2\/fc2-cc\/\" \/>\n<meta property=\"og:site_name\" content=\"WESSEL-HYDRAULIK GmbH\" \/>\n<meta property=\"article:modified_time\" content=\"2024-04-23T12:08:45+00:00\" \/>\n<meta property=\"og:image\" content=\"https:\/\/www.wessel-hydraulik.de\/wp-content\/uploads\/Top-valve-437.363.600.9-1.png\" \/>\n<meta name=\"twitter:card\" content=\"summary_large_image\" \/>\n<meta name=\"twitter:label1\" content=\"Est. reading time\" \/>\n\t<meta name=\"twitter:data1\" content=\"2 minutes\" \/>\n<script type=\"application\/ld+json\" class=\"yoast-schema-graph\">{\"@context\":\"https:\/\/schema.org\",\"@graph\":[{\"@type\":\"WebPage\",\"@id\":\"https:\/\/wessel-hydraulik.de\/en\/produkte\/stromventile\/stromregelventile-2\/fc2-cc\/\",\"url\":\"https:\/\/wessel-hydraulik.de\/en\/produkte\/stromventile\/stromregelventile-2\/fc2-cc\/\",\"name\":\"Einstellen von Volumenstrom und Druck: WESSEL-HYDRAULIK\",\"isPartOf\":{\"@id\":\"https:\/\/wessel-hydraulik.de\/#website\"},\"primaryImageOfPage\":{\"@id\":\"https:\/\/wessel-hydraulik.de\/en\/produkte\/stromventile\/stromregelventile-2\/fc2-cc\/#primaryimage\"},\"image\":{\"@id\":\"https:\/\/wessel-hydraulik.de\/en\/produkte\/stromventile\/stromregelventile-2\/fc2-cc\/#primaryimage\"},\"thumbnailUrl\":\"https:\/\/www.wessel-hydraulik.de\/wp-content\/uploads\/Top-valve-437.363.600.9-1.png\",\"datePublished\":\"2023-07-11T05:48:19+00:00\",\"dateModified\":\"2024-04-23T12:08:45+00:00\",\"description\":\"Das Stromregelventil erm\u00f6glicht ein proportionales Einstellen von Volumenstrom und Druck f\u00fcr doppeltwirkende Zusatzverbraucher (Fr\u00e4sen, Mulcher, Alligatorl\u00f6ffel, etc).\",\"breadcrumb\":{\"@id\":\"https:\/\/wessel-hydraulik.de\/en\/produkte\/stromventile\/stromregelventile-2\/fc2-cc\/#breadcrumb\"},\"inLanguage\":\"en-US\",\"potentialAction\":[{\"@type\":\"ReadAction\",\"target\":[\"https:\/\/wessel-hydraulik.de\/en\/produkte\/stromventile\/stromregelventile-2\/fc2-cc\/\"]}]},{\"@type\":\"ImageObject\",\"inLanguage\":\"en-US\",\"@id\":\"https:\/\/wessel-hydraulik.de\/en\/produkte\/stromventile\/stromregelventile-2\/fc2-cc\/#primaryimage\",\"url\":\"https:\/\/www.wessel-hydraulik.de\/wp-content\/uploads\/Top-valve-437.363.600.9-1.png\",\"contentUrl\":\"https:\/\/www.wessel-hydraulik.de\/wp-content\/uploads\/Top-valve-437.363.600.9-1.png\"},{\"@type\":\"BreadcrumbList\",\"@id\":\"https:\/\/wessel-hydraulik.de\/en\/produkte\/stromventile\/stromregelventile-2\/fc2-cc\/#breadcrumb\",\"itemListElement\":[{\"@type\":\"ListItem\",\"position\":1,\"name\":\"Startseite\",\"item\":\"https:\/\/wessel-hydraulik.de\/en\/\"},{\"@type\":\"ListItem\",\"position\":2,\"name\":\"Produkte\",\"item\":\"https:\/\/wessel-hydraulik.de\/produkte\/\"},{\"@type\":\"ListItem\",\"position\":3,\"name\":\"Stromventile\",\"item\":\"https:\/\/wessel-hydraulik.de\/produkte\/stromventile\/\"},{\"@type\":\"ListItem\",\"position\":4,\"name\":\"Stromregelventile\",\"item\":\"https:\/\/wessel-hydraulik.de\/produkte\/stromventile\/stromregelventile-2\/\"},{\"@type\":\"ListItem\",\"position\":5,\"name\":\"Cabin Control\"}]},{\"@type\":\"WebSite\",\"@id\":\"https:\/\/wessel-hydraulik.de\/#website\",\"url\":\"https:\/\/wessel-hydraulik.de\/\",\"name\":\"WESSEL-HYDRAULIK GmbH\",\"description\":\"\",\"publisher\":{\"@id\":\"https:\/\/wessel-hydraulik.de\/#organization\"},\"potentialAction\":[{\"@type\":\"SearchAction\",\"target\":{\"@type\":\"EntryPoint\",\"urlTemplate\":\"https:\/\/wessel-hydraulik.de\/?s={search_term_string}\"},\"query-input\":{\"@type\":\"PropertyValueSpecification\",\"valueRequired\":true,\"valueName\":\"search_term_string\"}}],\"inLanguage\":\"en-US\"},{\"@type\":\"Organization\",\"@id\":\"https:\/\/wessel-hydraulik.de\/#organization\",\"name\":\"WESSEL-HYDRAULIK GmbH\",\"url\":\"https:\/\/wessel-hydraulik.de\/\",\"logo\":{\"@type\":\"ImageObject\",\"inLanguage\":\"en-US\",\"@id\":\"https:\/\/wessel-hydraulik.de\/#\/schema\/logo\/image\/\",\"url\":\"https:\/\/www.wessel-hydraulik.de\/wp-content\/uploads\/2018\/09\/wh_LOGO_RGB.jpg\",\"contentUrl\":\"https:\/\/www.wessel-hydraulik.de\/wp-content\/uploads\/2018\/09\/wh_LOGO_RGB.jpg\",\"width\":400,\"height\":200,\"caption\":\"WESSEL-HYDRAULIK GmbH\"},\"image\":{\"@id\":\"https:\/\/wessel-hydraulik.de\/#\/schema\/logo\/image\/\"},\"sameAs\":[\"https:\/\/www.youtube.com\/watch?v=C6TD8MulQAo\",\"https:\/\/www.instagram.com\/wessel_hydraulik\/\"]}]}<\/script>\n<!-- \/ Yoast SEO plugin. -->","yoast_head_json":{"title":"Einstellen von Volumenstrom und Druck: WESSEL-HYDRAULIK","description":"Das Stromregelventil erm\u00f6glicht ein proportionales Einstellen von Volumenstrom und Druck f\u00fcr doppeltwirkende Zusatzverbraucher (Fr\u00e4sen, Mulcher, Alligatorl\u00f6ffel, etc).","robots":{"index":"index","follow":"follow","max-snippet":"max-snippet:-1","max-image-preview":"max-image-preview:large","max-video-preview":"max-video-preview:-1"},"canonical":"https:\/\/wessel-hydraulik.de\/en\/produkte\/stromventile\/stromregelventile-2\/fc2-cc\/","og_locale":"en_US","og_type":"article","og_title":"Einstellen von Volumenstrom und Druck: WESSEL-HYDRAULIK","og_description":"Das Stromregelventil erm\u00f6glicht ein proportionales Einstellen von Volumenstrom und Druck f\u00fcr doppeltwirkende Zusatzverbraucher (Fr\u00e4sen, Mulcher, Alligatorl\u00f6ffel, etc).","og_url":"https:\/\/wessel-hydraulik.de\/en\/produkte\/stromventile\/stromregelventile-2\/fc2-cc\/","og_site_name":"WESSEL-HYDRAULIK GmbH","article_modified_time":"2024-04-23T12:08:45+00:00","og_image":[{"url":"https:\/\/www.wessel-hydraulik.de\/wp-content\/uploads\/Top-valve-437.363.600.9-1.png","type":"","width":"","height":""}],"twitter_card":"summary_large_image","twitter_misc":{"Est. reading time":"2 minutes"},"schema":{"@context":"https:\/\/schema.org","@graph":[{"@type":"WebPage","@id":"https:\/\/wessel-hydraulik.de\/en\/produkte\/stromventile\/stromregelventile-2\/fc2-cc\/","url":"https:\/\/wessel-hydraulik.de\/en\/produkte\/stromventile\/stromregelventile-2\/fc2-cc\/","name":"Einstellen von Volumenstrom und Druck: WESSEL-HYDRAULIK","isPartOf":{"@id":"https:\/\/wessel-hydraulik.de\/#website"},"primaryImageOfPage":{"@id":"https:\/\/wessel-hydraulik.de\/en\/produkte\/stromventile\/stromregelventile-2\/fc2-cc\/#primaryimage"},"image":{"@id":"https:\/\/wessel-hydraulik.de\/en\/produkte\/stromventile\/stromregelventile-2\/fc2-cc\/#primaryimage"},"thumbnailUrl":"https:\/\/www.wessel-hydraulik.de\/wp-content\/uploads\/Top-valve-437.363.600.9-1.png","datePublished":"2023-07-11T05:48:19+00:00","dateModified":"2024-04-23T12:08:45+00:00","description":"Das Stromregelventil erm\u00f6glicht ein proportionales Einstellen von Volumenstrom und Druck f\u00fcr doppeltwirkende Zusatzverbraucher (Fr\u00e4sen, Mulcher, Alligatorl\u00f6ffel, etc).","breadcrumb":{"@id":"https:\/\/wessel-hydraulik.de\/en\/produkte\/stromventile\/stromregelventile-2\/fc2-cc\/#breadcrumb"},"inLanguage":"en-US","potentialAction":[{"@type":"ReadAction","target":["https:\/\/wessel-hydraulik.de\/en\/produkte\/stromventile\/stromregelventile-2\/fc2-cc\/"]}]},{"@type":"ImageObject","inLanguage":"en-US","@id":"https:\/\/wessel-hydraulik.de\/en\/produkte\/stromventile\/stromregelventile-2\/fc2-cc\/#primaryimage","url":"https:\/\/www.wessel-hydraulik.de\/wp-content\/uploads\/Top-valve-437.363.600.9-1.png","contentUrl":"https:\/\/www.wessel-hydraulik.de\/wp-content\/uploads\/Top-valve-437.363.600.9-1.png"},{"@type":"BreadcrumbList","@id":"https:\/\/wessel-hydraulik.de\/en\/produkte\/stromventile\/stromregelventile-2\/fc2-cc\/#breadcrumb","itemListElement":[{"@type":"ListItem","position":1,"name":"Startseite","item":"https:\/\/wessel-hydraulik.de\/en\/"},{"@type":"ListItem","position":2,"name":"Produkte","item":"https:\/\/wessel-hydraulik.de\/produkte\/"},{"@type":"ListItem","position":3,"name":"Stromventile","item":"https:\/\/wessel-hydraulik.de\/produkte\/stromventile\/"},{"@type":"ListItem","position":4,"name":"Stromregelventile","item":"https:\/\/wessel-hydraulik.de\/produkte\/stromventile\/stromregelventile-2\/"},{"@type":"ListItem","position":5,"name":"Cabin Control"}]},{"@type":"WebSite","@id":"https:\/\/wessel-hydraulik.de\/#website","url":"https:\/\/wessel-hydraulik.de\/","name":"WESSEL-HYDRAULIK GmbH","description":"","publisher":{"@id":"https:\/\/wessel-hydraulik.de\/#organization"},"potentialAction":[{"@type":"SearchAction","target":{"@type":"EntryPoint","urlTemplate":"https:\/\/wessel-hydraulik.de\/?s={search_term_string}"},"query-input":{"@type":"PropertyValueSpecification","valueRequired":true,"valueName":"search_term_string"}}],"inLanguage":"en-US"},{"@type":"Organization","@id":"https:\/\/wessel-hydraulik.de\/#organization","name":"WESSEL-HYDRAULIK GmbH","url":"https:\/\/wessel-hydraulik.de\/","logo":{"@type":"ImageObject","inLanguage":"en-US","@id":"https:\/\/wessel-hydraulik.de\/#\/schema\/logo\/image\/","url":"https:\/\/www.wessel-hydraulik.de\/wp-content\/uploads\/2018\/09\/wh_LOGO_RGB.jpg","contentUrl":"https:\/\/www.wessel-hydraulik.de\/wp-content\/uploads\/2018\/09\/wh_LOGO_RGB.jpg","width":400,"height":200,"caption":"WESSEL-HYDRAULIK GmbH"},"image":{"@id":"https:\/\/wessel-hydraulik.de\/#\/schema\/logo\/image\/"},"sameAs":["https:\/\/www.youtube.com\/watch?v=C6TD8MulQAo","https:\/\/www.instagram.com\/wessel_hydraulik\/"]}]}},"_links":{"self":[{"href":"https:\/\/wessel-hydraulik.de\/en\/wp-json\/wp\/v2\/pages\/7333","targetHints":{"allow":["GET"]}}],"collection":[{"href":"https:\/\/wessel-hydraulik.de\/en\/wp-json\/wp\/v2\/pages"}],"about":[{"href":"https:\/\/wessel-hydraulik.de\/en\/wp-json\/wp\/v2\/types\/page"}],"author":[{"embeddable":true,"href":"https:\/\/wessel-hydraulik.de\/en\/wp-json\/wp\/v2\/users\/3"}],"replies":[{"embeddable":true,"href":"https:\/\/wessel-hydraulik.de\/en\/wp-json\/wp\/v2\/comments?post=7333"}],"version-history":[{"count":2,"href":"https:\/\/wessel-hydraulik.de\/en\/wp-json\/wp\/v2\/pages\/7333\/revisions"}],"predecessor-version":[{"id":8582,"href":"https:\/\/wessel-hydraulik.de\/en\/wp-json\/wp\/v2\/pages\/7333\/revisions\/8582"}],"up":[{"embeddable":true,"href":"https:\/\/wessel-hydraulik.de\/en\/wp-json\/wp\/v2\/pages\/1496"}],"wp:attachment":[{"href":"https:\/\/wessel-hydraulik.de\/en\/wp-json\/wp\/v2\/media?parent=7333"}],"curies":[{"name":"wp","href":"https:\/\/api.w.org\/{rel}","templated":true}]}}